{"id":229,"date":"2021-04-03T14:56:56","date_gmt":"2021-04-03T12:56:56","guid":{"rendered":"https:\/\/diginlaw.wordpress.com\/?page_id=229"},"modified":"2021-04-03T14:56:56","modified_gmt":"2021-04-03T12:56:56","slug":"universita-degli-studi-di-milano-italy","status":"publish","type":"page","link":"https:\/\/www.pravos.unios.hr\/diginlaw\/universita-degli-studi-di-milano-italy\/","title":{"rendered":"Universita Degli Studi di Milano (Italy)"},"content":{"rendered":"<div class=\"wp-block-image\">\n<figure class=\"aligncenter size-large\"><img decoding=\"async\" loading=\"lazy\" width=\"1154\" height=\"216\" src=\"https:\/\/www.pravos.unios.hr\/diginlaw\/wp-content\/uploads\/2021\/04\/sfgdgfd-removebg-preview-1.png?w=1024\" alt=\"\" class=\"wp-image-253\" srcset=\"https:\/\/www.pravos.unios.hr\/diginlaw\/wp-content\/uploads\/2021\/04\/sfgdgfd-removebg-preview-1.png 1154w, https:\/\/www.pravos.unios.hr\/diginlaw\/wp-content\/uploads\/2021\/04\/sfgdgfd-removebg-preview-1-300x56.png 300w, https:\/\/www.pravos.unios.hr\/diginlaw\/wp-content\/uploads\/2021\/04\/sfgdgfd-removebg-preview-1-1024x192.png 1024w, https:\/\/www.pravos.unios.hr\/diginlaw\/wp-content\/uploads\/2021\/04\/sfgdgfd-removebg-preview-1-768x144.png 768w\" sizes=\"(max-width: 1154px) 100vw, 1154px\" \/><\/figure><\/div>\n\n\n<p class=\"has-text-align-justify\"> The University of Milan (UNIMI) is one of the largest universities in Europe, with about 60,000 students and permanent teaching and research staffs totaling about 2,000. Offering 134 undergraduate and graduate courses, 21 doctoral schools and 92 specialization schools, it consistently ranks as one of the best universities of Italy, both overall and in specific subject areas and it has received important international recognitions. <\/p>\n\n\n<div class=\"wp-block-image\">\n<figure class=\"aligncenter size-large is-resized\"><img decoding=\"async\" loading=\"lazy\" src=\"https:\/\/www.pravos.unios.hr\/diginlaw\/wp-content\/uploads\/2021\/04\/02.-faculty-photo-1-1.jpg?w=775\" alt=\"\" class=\"wp-image-307\" width=\"573\" height=\"382\" \/><\/figure><\/div>\n\n\n<p class=\"has-text-align-justify\">It is the only Italian member of the League of European Research Universities (LERU), a group of twenty-one research intensive European universities, and it has produced more than 24,000 scientific publications in the last three years alone. <\/p>\n\n\n\n<hr class=\"wp-block-coblocks-dynamic-separator\" style=\"height:50px\" \/>\n\n\n\n<div class=\"wp-block-media-text alignfull is-stacked-on-mobile is-image-fill\" style=\"grid-template-columns:36% auto\"><figure class=\"wp-block-media-text__media\" style=\"background-image:url(https:\/\/www.pravos.unios.hr\/diginlaw\/wp-content\/uploads\/2021\/04\/prof.-villata-photo-1-1.jpg?w=819);background-position:50% 50%\"><img decoding=\"async\" loading=\"lazy\" width=\"1873\" height=\"2341\" src=\"https:\/\/www.pravos.unios.hr\/diginlaw\/wp-content\/uploads\/2021\/04\/prof.-villata-photo-1-1.jpg?w=819\" alt=\"\" class=\"wp-image-550 size-full\" srcset=\"https:\/\/www.pravos.unios.hr\/diginlaw\/wp-content\/uploads\/2021\/04\/prof.-villata-photo-1-1.jpg 1873w, https:\/\/www.pravos.unios.hr\/diginlaw\/wp-content\/uploads\/2021\/04\/prof.-villata-photo-1-1-240x300.jpg 240w, https:\/\/www.pravos.unios.hr\/diginlaw\/wp-content\/uploads\/2021\/04\/prof.-villata-photo-1-1-819x1024.jpg 819w, https:\/\/www.pravos.unios.hr\/diginlaw\/wp-content\/uploads\/2021\/04\/prof.-villata-photo-1-1-768x960.jpg 768w, https:\/\/www.pravos.unios.hr\/diginlaw\/wp-content\/uploads\/2021\/04\/prof.-villata-photo-1-1-1229x1536.jpg 1229w, https:\/\/www.pravos.unios.hr\/diginlaw\/wp-content\/uploads\/2021\/04\/prof.-villata-photo-1-1-1639x2048.jpg 1639w\" sizes=\"(max-width: 1873px) 100vw, 1873px\" \/><\/figure><div class=\"wp-block-media-text__content\">\n<h2 class=\"wp-block-heading margin-bottom-half\">FRANCESCA C. VILLATA<\/h2>\n\n\n\n<p class=\"margin-top-half has-medium-font-size\"><strong><span style=\"color:#293940\" class=\"has-inline-color\"><span class=\"uppercase\">PhD, Full Professor<\/span><\/span><\/strong><\/p>\n\n\n\n<p class=\"has-text-align-justify\" style=\"font-size:17px\">Francesca C. Villata is Full professor of International Law at the University of Milan, where she teaches Private International Law, International Contracts and Arbitration, International Financial Markets Law, Cross-Border Family Law. She has been a member of several legislative panels, such as the Expert group on conflict of laws regarding securities and claims (European Commission, DG Justice), the DLT Governing Law and Jurisdiction Working Group (Financial Market Law Committee, London) and the Working-group for the implementation of private international law rules on civil partnerships (Italian Ministry of Justice). Moreover, Professor Villata serves as managing editor of the Rivista di diritto internazionale privato e processuale and, since 2013, she has been working on several DG Justice funded project in the area of EU private international law, as coordinator and\/or member (EFFORTS, IC2BE, EUFam\u2019s I, EUFam\u2019s II, EUPillar, Insolvency, Suxreg). Finally, she is a member of the International Evaluation Board of Charles University in Prague, as well as of the EU Law Committee of the Bar Council of Milan.<\/p>\n<\/div><\/div>\n\n\n\n<hr class=\"wp-block-coblocks-dynamic-separator\" style=\"height:50px\" \/>\n\n\n\n<div class=\"wp-block-media-text alignfull is-stacked-on-mobile\" style=\"grid-template-columns:36% auto\"><figure class=\"wp-block-media-text__media\"><img decoding=\"async\" loading=\"lazy\" width=\"498\" height=\"622\" src=\"https:\/\/www.pravos.unios.hr\/diginlaw\/wp-content\/uploads\/2021\/04\/04.-prof.-viarengo-photo-copy-1-1.jpg?w=498\" alt=\"\" class=\"wp-image-551 size-full\" srcset=\"https:\/\/www.pravos.unios.hr\/diginlaw\/wp-content\/uploads\/2021\/04\/04.-prof.-viarengo-photo-copy-1-1.jpg 498w, https:\/\/www.pravos.unios.hr\/diginlaw\/wp-content\/uploads\/2021\/04\/04.-prof.-viarengo-photo-copy-1-1-240x300.jpg 240w\" sizes=\"(max-width: 498px) 100vw, 498px\" \/><\/figure><div class=\"wp-block-media-text__content\">\n<h2 class=\"wp-block-heading margin-bottom-half\">ILARIA VIARENGO<\/h2>\n\n\n\n<p class=\"margin-top-half has-medium-font-size\"><strong><span style=\"color:#293940\" class=\"has-inline-color\"><span class=\"uppercase\">PhD, Full Professor<\/span><\/span><\/strong><\/p>\n\n\n\n<p class=\"has-text-align-justify\" style=\"font-size:17px\">Prof. Ilaria Viarengo, J.D., is Full Professor of International Law at the University of Milan, appointed for courses in Private International Family Law and International Human Rights Law; Director of the Department of International Legal Historical-Political Studies; Member of the Academic Senate; numerous publications in Italian, English and German, specifically in Private International Law; coordinator and member of several DG Justice projects.<\/p>\n<\/div><\/div>\n\n\n\n<hr class=\"wp-block-coblocks-dynamic-separator\" style=\"height:50px\" \/>\n\n\n\n<div class=\"wp-block-media-text alignfull is-stacked-on-mobile\" style=\"grid-template-columns:36% auto\"><figure class=\"wp-block-media-text__media\"><img decoding=\"async\" loading=\"lazy\" width=\"2046\" height=\"1637\" src=\"https:\/\/www.pravos.unios.hr\/diginlaw\/wp-content\/uploads\/2021\/04\/05.-prof.-lang-photo-1-1.jpg?w=1024\" alt=\"\" class=\"wp-image-552 size-full\" srcset=\"https:\/\/www.pravos.unios.hr\/diginlaw\/wp-content\/uploads\/2021\/04\/05.-prof.-lang-photo-1-1.jpg 2046w, https:\/\/www.pravos.unios.hr\/diginlaw\/wp-content\/uploads\/2021\/04\/05.-prof.-lang-photo-1-1-300x240.jpg 300w, https:\/\/www.pravos.unios.hr\/diginlaw\/wp-content\/uploads\/2021\/04\/05.-prof.-lang-photo-1-1-1024x819.jpg 1024w, https:\/\/www.pravos.unios.hr\/diginlaw\/wp-content\/uploads\/2021\/04\/05.-prof.-lang-photo-1-1-768x614.jpg 768w, https:\/\/www.pravos.unios.hr\/diginlaw\/wp-content\/uploads\/2021\/04\/05.-prof.-lang-photo-1-1-1536x1229.jpg 1536w\" sizes=\"(max-width: 2046px) 100vw, 2046px\" \/><\/figure><div class=\"wp-block-media-text__content\">\n<h2 class=\"wp-block-heading margin-bottom-half\">ALESSANDRA LANG<\/h2>\n\n\n\n<p class=\"margin-top-half has-medium-font-size\"><strong><span style=\"color:#293940\" class=\"has-inline-color\"><span class=\"uppercase\">PhD, ASSOCIATE PROFESSOR<\/span><\/span><\/strong><\/p>\n\n\n\n<p class=\"has-text-align-justify\" style=\"font-size:17px\">Alessandra Lang is Associate Professor of European Union Law. Her main fields of research concern free movement of persons and EU citizenship, implementation of EU law on the free movement of persons in Italy, EU migration policy, EU external relations, EU Common Foreign and Security Policy, EU enlargement. She is the author of two monographs, co-editor of four books, and author of about one hundred papers, published in legal journals or books.<\/p>\n<\/div><\/div>\n\n\n\n<hr class=\"wp-block-coblocks-dynamic-separator\" style=\"height:50px\" \/>\n\n\n\n<div class=\"wp-block-media-text alignfull is-stacked-on-mobile\" style=\"grid-template-columns:36% auto\"><figure class=\"wp-block-media-text__media\"><img decoding=\"async\" src=\"https:\/\/www.pravos.unios.hr\/diginlaw\/wp-content\/uploads\/2021\/04\/06.-dr.-ragni-photo-1-1.jpg?w=819\" alt=\"\" class=\"wp-image-553 size-full\" \/><\/figure><div class=\"wp-block-media-text__content\">\n<h2 class=\"wp-block-heading margin-bottom-half\">CHIARA RAGNI<\/h2>\n\n\n\n<p class=\"margin-top-half has-medium-font-size\"><strong><span style=\"color:#293940\" class=\"has-inline-color\"><span class=\"uppercase\">PhD, ASSOCIATE PROFESSOR<\/span><\/span><\/strong><\/p>\n\n\n\n<p class=\"has-text-align-justify\" style=\"font-size:17px\">Dr Chiara Ragni is Associate Professor of International Law at the University of Milan since 2015. After obtaining a PHD in EU and International Law, she became, in 2005, researcher at the University of Milan, where she coordinated, from 2013 to 2016, a Jean Monnet Module on European Family Law and Human Rights, and from 2020 a 4 EU+ Project on \u201cMigration Studies and Societies\u201d . <\/p>\n\n\n\n<p class=\"has-text-align-justify\" style=\"font-size:17px\">Throughout her career, Chiara Ragni has been frequently involved in national and international research projects, conferences and lectures on different topics ranging from Human Rights and International Criminal Law to International Family Law, International Law and Science.<\/p>\n<\/div><\/div>\n\n\n\n<hr class=\"wp-block-coblocks-dynamic-separator\" style=\"height:50px\" \/>\n\n\n\n<div class=\"wp-block-media-text alignfull is-stacked-on-mobile\" style=\"grid-template-columns:36% auto\"><figure class=\"wp-block-media-text__media\"><img decoding=\"async\" loading=\"lazy\" width=\"1204\" height=\"1505\" src=\"https:\/\/www.pravos.unios.hr\/diginlaw\/wp-content\/uploads\/2021\/04\/07.-dr.-re-photo-1-1.jpg?w=819\" alt=\"\" class=\"wp-image-554 size-full\" srcset=\"https:\/\/www.pravos.unios.hr\/diginlaw\/wp-content\/uploads\/2021\/04\/07.-dr.-re-photo-1-1.jpg 1204w, https:\/\/www.pravos.unios.hr\/diginlaw\/wp-content\/uploads\/2021\/04\/07.-dr.-re-photo-1-1-240x300.jpg 240w, https:\/\/www.pravos.unios.hr\/diginlaw\/wp-content\/uploads\/2021\/04\/07.-dr.-re-photo-1-1-819x1024.jpg 819w, https:\/\/www.pravos.unios.hr\/diginlaw\/wp-content\/uploads\/2021\/04\/07.-dr.-re-photo-1-1-768x960.jpg 768w\" sizes=\"(max-width: 1204px) 100vw, 1204px\" \/><\/figure><div class=\"wp-block-media-text__content\">\n<h2 class=\"wp-block-heading margin-bottom-half\">JACOPO RE<\/h2>\n\n\n\n<p class=\"margin-top-half has-medium-font-size\"><strong><span style=\"color:#293940\" class=\"has-inline-color\"><span class=\"uppercase\">PhD, ASSISTANT PROFESSOR<\/span><\/span><\/strong><\/p>\n\n\n\n<p class=\"has-text-align-justify\">Dr Jacopo Re is Assistant Professor of International Law at the University of Milan, where he teaches International Law and International Organisation Law. His main research areas are private international law (succession, gifts, and contracts), nationality law and EU citizens\u2019 rights law. He takes part in national and international research projects, as well as conferences and lectures in the abovementioned fields.<\/p>\n<\/div><\/div>\n\n\n\n<hr class=\"wp-block-coblocks-dynamic-separator\" style=\"height:50px\" \/>\n\n\n\n<div class=\"wp-block-media-text alignfull is-stacked-on-mobile is-image-fill\" style=\"grid-template-columns:36% auto\"><figure class=\"wp-block-media-text__media\" style=\"background-image:url(https:\/\/www.pravos.unios.hr\/diginlaw\/wp-content\/uploads\/2021\/04\/dr.-valkova-photo-1-1.jpg?w=1024);background-position:50% 50%\"><img decoding=\"async\" loading=\"lazy\" width=\"1136\" height=\"909\" src=\"https:\/\/www.pravos.unios.hr\/diginlaw\/wp-content\/uploads\/2021\/04\/dr.-valkova-photo-1-1.jpg?w=1024\" alt=\"\" class=\"wp-image-555 size-full\" srcset=\"https:\/\/www.pravos.unios.hr\/diginlaw\/wp-content\/uploads\/2021\/04\/dr.-valkova-photo-1-1.jpg 1136w, https:\/\/www.pravos.unios.hr\/diginlaw\/wp-content\/uploads\/2021\/04\/dr.-valkova-photo-1-1-300x240.jpg 300w, https:\/\/www.pravos.unios.hr\/diginlaw\/wp-content\/uploads\/2021\/04\/dr.-valkova-photo-1-1-1024x819.jpg 1024w, https:\/\/www.pravos.unios.hr\/diginlaw\/wp-content\/uploads\/2021\/04\/dr.-valkova-photo-1-1-768x615.jpg 768w\" sizes=\"(max-width: 1136px) 100vw, 1136px\" \/><\/figure><div class=\"wp-block-media-text__content\">\n<h2 class=\"wp-block-heading margin-bottom-half\">Lenka V\u00e1lkov\u00e1<\/h2>\n\n\n\n<p class=\"margin-top-half has-medium-font-size\"><strong><span style=\"color:#293940\" class=\"has-inline-color\"><span class=\"uppercase\">LLM, POST-DOCTORAL RESEARCHER<\/span><\/span><\/strong><\/p>\n\n\n\n<div class=\"wp-block-buttons is-layout-flex\"><\/div>\n\n\n\n<p class=\"has-text-align-justify\" style=\"font-size:17px\">Lenka V\u00e1lkov\u00e1 is lecturer of international family law and post-doctoral research fellow at Universit\u00e0 degli Studi di Milano, her research project focuses on the private international law and new technologies, in particular on the distributed ledger technologies. She earned her PhD qualification in Private International Law (topic: choice-of-court agreements in commercial, family and succession matters) from the same university and previously she graduated from the Faculty of Law at Masaryk University Brno, Czech Republic. Lenka V\u00e1lkov\u00e1 is author and co-author of number of publications concerning private international law and she participated in different projects funded by the European Commission<\/p>\n<\/div><\/div>\n\n\n\n<hr class=\"wp-block-coblocks-dynamic-separator\" style=\"height:50px\" \/>\n\n\n\n<div class=\"wp-block-media-text alignfull is-stacked-on-mobile\" style=\"grid-template-columns:36% auto\"><figure class=\"wp-block-media-text__media\"><img decoding=\"async\" loading=\"lazy\" width=\"610\" height=\"480\" src=\"https:\/\/www.pravos.unios.hr\/diginlaw\/wp-content\/uploads\/2022\/12\/picture-1.jpg?w=610\" alt=\"\" class=\"wp-image-1179 size-full\" srcset=\"https:\/\/www.pravos.unios.hr\/diginlaw\/wp-content\/uploads\/2022\/12\/picture-1.jpg 610w, https:\/\/www.pravos.unios.hr\/diginlaw\/wp-content\/uploads\/2022\/12\/picture-1-300x236.jpg 300w\" sizes=\"(max-width: 610px) 100vw, 610px\" \/><\/figure><div class=\"wp-block-media-text__content\">\n<h2 class=\"wp-block-heading margin-bottom-half\">GIULIA GABRIELLI<\/h2>\n\n\n\n<p class=\"margin-bottom-half has-medium-font-size\"><strong><mark style=\"background-color:rgba(0, 0, 0, 0)\" class=\"has-inline-color has-dark-brown-color\"><span class=\"uppercase\">PhD, <\/span>RESEARCH FELLOW<\/mark><\/strong><\/p>\n\n\n\n<p><\/p>\n\n\n\n<p class=\"has-text-align-justify\" style=\"font-size:17px\">Dr Giulia Gabrielli earned her PhD in International Law from the University of Milan, where she defended a thesis on Conflict-related Sexual Violence. As from January 2022 she is research fellow at the same University: her research interests lie in international humanitarian law and international criminal law, with specific regards to the digitalization of armed conflict and the increasing use of digital means and methods of warfare.<\/p>\n\n\n\n<p class=\"has-text-align-justify\" style=\"font-size:17px\">As research fellow of the University of Milan, she takes part in the activities of the Chairs of International Law, International Law of Armed Conflict, and International Human Rights Law.<\/p>\n\n\n\n<p class=\"has-text-align-justify\"><\/p>\n<\/div><\/div>\n\n\n\n<hr class=\"wp-block-coblocks-dynamic-separator\" style=\"height:50px\" \/>\n\n\n\n<div class=\"wp-block-media-text alignfull is-stacked-on-mobile\" style=\"grid-template-columns:36% auto\"><figure class=\"wp-block-media-text__media\"><img decoding=\"async\" loading=\"lazy\" width=\"766\" height=\"959\" src=\"https:\/\/www.pravos.unios.hr\/diginlaw\/wp-content\/uploads\/2021\/04\/09.-benvenuti-photo-1-1.jpg?w=766\" alt=\"\" class=\"wp-image-556 size-full\" srcset=\"https:\/\/www.pravos.unios.hr\/diginlaw\/wp-content\/uploads\/2021\/04\/09.-benvenuti-photo-1-1.jpg 766w, https:\/\/www.pravos.unios.hr\/diginlaw\/wp-content\/uploads\/2021\/04\/09.-benvenuti-photo-1-1-240x300.jpg 240w\" sizes=\"(max-width: 766px) 100vw, 766px\" \/><\/figure><div class=\"wp-block-media-text__content\">\n<h2 class=\"wp-block-heading margin-bottom-half\">Edoardo Benvenuti<\/h2>\n\n\n\n<p class=\"margin-top-half has-medium-font-size\"><strong><span style=\"color:#293940\" class=\"has-inline-color\"><span class=\"uppercase\">LLM, PHD CANDIDATE<\/span><\/span><\/strong><\/p>\n\n\n\n<p class=\"has-text-align-justify\">Edoardo Benvenuti is PhD Candidate in International Law at the University of Milan. His research project tackles the issue of jurisdiction in civil and commercial matters over defendants domiciled in Third Countries, and it focuses on the perspective of the right of access to effective judicial remedies in the EU. <\/p>\n\n\n\n<p class=\"has-text-align-justify\">As PhD Candidate at the University of Milan, he takes part in the activities of the Chairs of Private International Law, International Contract Law and Arbitration, International Family Law, and International Human Rights Law.<\/p>\n<\/div><\/div>\n\n\n\n<hr class=\"wp-block-coblocks-dynamic-separator\" style=\"height:50px\" \/>\n","protected":false},"excerpt":{"rendered":"<p>The University of Milan (UNIMI) is one of the largest universities in Europe, with about 60,000 students and permanent teaching and research staffs totaling about 2,000. Offering&hellip; <span class=\"read-more\"><a class=\"more-link\" href=\"https:\/\/www.pravos.unios.hr\/diginlaw\/universita-degli-studi-di-milano-italy\/\" rel=\"bookmark\">Read more <span class=\"screen-reader-text\">&#8220;Universita Degli Studi di Milano (Italy)&#8221;<\/span><\/a><\/span><\/p>\n","protected":false},"author":1,"featured_media":250,"parent":0,"menu_order":0,"comment_status":"closed","ping_status":"closed","template":"","meta":[],"_links":{"self":[{"href":"https:\/\/www.pravos.unios.hr\/diginlaw\/wp-json\/wp\/v2\/pages\/229"}],"collection":[{"href":"https:\/\/www.pravos.unios.hr\/diginlaw\/wp-json\/wp\/v2\/pages"}],"about":[{"href":"https:\/\/www.pravos.unios.hr\/diginlaw\/wp-json\/wp\/v2\/types\/page"}],"author":[{"embeddable":true,"href":"https:\/\/www.pravos.unios.hr\/diginlaw\/wp-json\/wp\/v2\/users\/1"}],"replies":[{"embeddable":true,"href":"https:\/\/www.pravos.unios.hr\/diginlaw\/wp-json\/wp\/v2\/comments?post=229"}],"version-history":[{"count":0,"href":"https:\/\/www.pravos.unios.hr\/diginlaw\/wp-json\/wp\/v2\/pages\/229\/revisions"}],"wp:featuredmedia":[{"embeddable":true,"href":"https:\/\/www.pravos.unios.hr\/diginlaw\/wp-json\/wp\/v2\/media\/250"}],"wp:attachment":[{"href":"https:\/\/www.pravos.unios.hr\/diginlaw\/wp-json\/wp\/v2\/media?parent=229"}],"curies":[{"name":"wp","href":"https:\/\/api.w.org\/{rel}","templated":true}]}}