{"id":611,"date":"2021-04-15T14:52:46","date_gmt":"2021-04-15T12:52:46","guid":{"rendered":"https:\/\/diginlaw.wordpress.com\/?page_id=611"},"modified":"2021-04-15T14:52:46","modified_gmt":"2021-04-15T12:52:46","slug":"steering-commitee-members","status":"publish","type":"page","link":"https:\/\/www.pravos.unios.hr\/diginlaw\/steering-commitee-members\/","title":{"rendered":"Governance"},"content":{"rendered":"\n<p>Mirela \u017dupan, Sveu\u010dili\u0161te J. J. Strossmayera u Osijeku (Croatia), Project Manager<\/p>\n\n\n\n<p>Martina Drventi\u0107, Sveu\u010dili\u0161te J. J. Strossmayera u Osijeku (Croatia)<\/p>\n\n\n\n<p>Katarina Trimmings, The University of Aberdeen (United Kingdom)<\/p>\n\n\n\n<p>Patricia \u017divkovi\u0107, The University of Aberdeen (United Kingdom)<\/p>\n\n\n\n<p>Francesca C. Villata, Universita Degli Studi di Milano (Italy)<\/p>\n\n\n\n<p>Ilaria Viarengo,  Universita Degli Studi di Milano (Italy)<\/p>\n\n\n\n<p>Sandra Ku\u010dina Softi\u0107, Sveu\u010dili\u0161te u Zagrebu, Sveu\u010dili\u0161ni ra\u010dunski centar (Croatia)<\/p>\n\n\n\n<p>Tona Radobolja, Sveu\u010dili\u0161te u Zagrebu, Sveu\u010dili\u0161ni ra\u010dunski centar (Croatia)<\/p>\n\n\n\n<p>Andreja Juri\u010devi\u0107 Petri\u010devi\u0107, Project Administrator<\/p>\n","protected":false},"excerpt":{"rendered":"<p>Mirela \u017dupan, Sveu\u010dili\u0161te J. J. Strossmayera u Osijeku (Croatia), Project Manager Martina Drventi\u0107, Sveu\u010dili\u0161te J. J. Strossmayera u Osijeku (Croatia) Katarina Trimmings, The University of Aberdeen (United&hellip; <span class=\"read-more\"><a class=\"more-link\" href=\"https:\/\/www.pravos.unios.hr\/diginlaw\/steering-commitee-members\/\" rel=\"bookmark\">Read more <span class=\"screen-reader-text\">&#8220;Governance&#8221;<\/span><\/a><\/span><\/p>\n","protected":false},"author":1,"featured_media":598,"parent":0,"menu_order":0,"comment_status":"closed","ping_status":"closed","template":"","meta":[],"_links":{"self":[{"href":"https:\/\/www.pravos.unios.hr\/diginlaw\/wp-json\/wp\/v2\/pages\/611"}],"collection":[{"href":"https:\/\/www.pravos.unios.hr\/diginlaw\/wp-json\/wp\/v2\/pages"}],"about":[{"href":"https:\/\/www.pravos.unios.hr\/diginlaw\/wp-json\/wp\/v2\/types\/page"}],"author":[{"embeddable":true,"href":"https:\/\/www.pravos.unios.hr\/diginlaw\/wp-json\/wp\/v2\/users\/1"}],"replies":[{"embeddable":true,"href":"https:\/\/www.pravos.unios.hr\/diginlaw\/wp-json\/wp\/v2\/comments?post=611"}],"version-history":[{"count":0,"href":"https:\/\/www.pravos.unios.hr\/diginlaw\/wp-json\/wp\/v2\/pages\/611\/revisions"}],"wp:featuredmedia":[{"embeddable":true,"href":"https:\/\/www.pravos.unios.hr\/diginlaw\/wp-json\/wp\/v2\/media\/598"}],"wp:attachment":[{"href":"https:\/\/www.pravos.unios.hr\/diginlaw\/wp-json\/wp\/v2\/media?parent=611"}],"curies":[{"name":"wp","href":"https:\/\/api.w.org\/{rel}","templated":true}]}}