{"id":2,"date":"2020-08-16T13:01:54","date_gmt":"2020-08-16T13:01:54","guid":{"rendered":"https:\/\/www.pravos.unios.hr\/webshop\/?page_id=2"},"modified":"2020-08-30T21:42:18","modified_gmt":"2020-08-30T21:42:18","slug":"sample-page","status":"publish","type":"page","link":"https:\/\/www.pravos.unios.hr\/webshop\/sample-page\/","title":{"rendered":"PRAVOS"},"content":{"rendered":"\n<div class=\"wp-block-cover alignfull has-background-dim-30 has-very-light-gray-background-color has-background-dim has-parallax\" style=\"background-image:url(https:\/\/www.pravos.unios.hr\/webshop\/wp-content\/uploads\/2020\/08\/studenti-1920x794-1.jpg)\"><div class=\"wp-block-cover__inner-container\">\n<p class=\"has-drop-cap has-text-align-center has-large-font-size\"><\/p>\n<\/div><\/div>\n\n\n\n<p class=\"has-drop-cap\">Geneza visoko\u0161kolskog pravnog obrazovanja obilje\u017eena je 1961. godinom kada s radom kratkotrajno zapo\u010dinje dislocirani studiji prava u organizaciji Pravnog fakulteta Sveu\u010dili\u0161ta u Zagrebu, a potom i 1973. kada je u okviru Pravnog studija Ekonomskog fakulteta u Osijeku pokrenuta kontinuirana izobrazba pravnika. Dvije godine poslije, njihovo potpuno pomanjkanje na tlu Slavonije i Baranje i nastojanja na podizanju i pobolj\u0161anju obrazovne strukture lokalnog stanovni\u0161tva bili su osnovni razlozi prerastanja Pravnog studija u novoosnovani Pravni fakultet.<\/p>\n\n\n\n<p class=\"has-drop-cap\">U prvim godinama djelovanja nastavni kadar uglavnom su \u010dinili nastavnici Ekonomskog fakulteta u Osijeku i eminentni gostuju\u0107i profesori Pravnog fakulteta Sveu\u010dili\u0161ta u Zagrebu. Njihovim nesebi\u010dnim zalaganjem i nastojanjima prvoga dekana, prof. dr. sc. Dragutina Rilkea, na otvaranju novih radnih mjesta, sredinom osamdesetih godina pro\u0161loga stolje\u0107a Fakultet je uspio osigurati vlastite nastavnike na svim kolegijima. Pravni fakultet u Osijeku organiziran je u 11 katedri koje okupljaju srodne predmete, a pored njih ustrojbene su jedinice Fakulteta klinike, Knji\u017enica i Tajni\u0161tvo.<\/p>\n","protected":false},"excerpt":{"rendered":"<p>Geneza visoko\u0161kolskog pravnog obrazovanja obilje\u017eena je 1961. godinom kada s radom kratkotrajno zapo\u010dinje dislocirani studiji prava u organizaciji Pravnog fakulteta Sveu\u010dili\u0161ta u Zagrebu, a potom i 1973. kada je u okviru Pravnog studija Ekonomskog fakulteta u Osijeku pokrenuta kontinuirana izobrazba pravnika. Dvije godine poslije, njihovo potpuno pomanjkanje na tlu Slavonije i Baranje i nastojanja na [&hellip;]<\/p>\n","protected":false},"author":6,"featured_media":0,"parent":0,"menu_order":0,"comment_status":"closed","ping_status":"open","template":"template-fullwidth.php","meta":[],"_links":{"self":[{"href":"https:\/\/www.pravos.unios.hr\/webshop\/wp-json\/wp\/v2\/pages\/2"}],"collection":[{"href":"https:\/\/www.pravos.unios.hr\/webshop\/wp-json\/wp\/v2\/pages"}],"about":[{"href":"https:\/\/www.pravos.unios.hr\/webshop\/wp-json\/wp\/v2\/types\/page"}],"author":[{"embeddable":true,"href":"https:\/\/www.pravos.unios.hr\/webshop\/wp-json\/wp\/v2\/users\/6"}],"replies":[{"embeddable":true,"href":"https:\/\/www.pravos.unios.hr\/webshop\/wp-json\/wp\/v2\/comments?post=2"}],"version-history":[{"count":6,"href":"https:\/\/www.pravos.unios.hr\/webshop\/wp-json\/wp\/v2\/pages\/2\/revisions"}],"predecessor-version":[{"id":512,"href":"https:\/\/www.pravos.unios.hr\/webshop\/wp-json\/wp\/v2\/pages\/2\/revisions\/512"}],"wp:attachment":[{"href":"https:\/\/www.pravos.unios.hr\/webshop\/wp-json\/wp\/v2\/media?parent=2"}],"curies":[{"name":"wp","href":"https:\/\/api.w.org\/{rel}","templated":true}]}}