{"id":517,"date":"2020-08-30T21:52:51","date_gmt":"2020-08-30T21:52:51","guid":{"rendered":"https:\/\/www.pravos.unios.hr\/webshop\/?page_id=517"},"modified":"2020-08-30T21:52:51","modified_gmt":"2020-08-30T21:52:51","slug":"nacin-placanja","status":"publish","type":"page","link":"https:\/\/www.pravos.unios.hr\/webshop\/nacin-placanja\/","title":{"rendered":"Na\u010din pla\u0107anja"},"content":{"rendered":"\n<p>Pla\u0107anjem putem uplate na transakcijski ra\u010dun\/internetskim bankarstvom, prilikom zavr\u0161etka procesa narud\u017ebe na ekranu se pojavljuju upute za pla\u0107anje, ali i u obrascu narud\u017ebe koji kupac dobiva na adresu svoju e-po\u0161te odmah nakon izvr\u0161ene narud\u017ebe. Kod odabira ovakvog na\u010dina pla\u0107anja nema dodatnih tro\u0161kova.<\/p>\n\n\n\n<p>Pla\u0107anje putem transakcijskog ra\u010duna mo\u017eete izvr\u0161iti na:<br>PRIVREDNA BANKA ZAGREB d.d., HR8023400091100163962 | SWIFT: PBZGHR2X<\/p>\n\n\n\n<p>Za online pla\u0107anja Pravos Web shop koristi WSPay.<\/p>\n\n\n\n<p>WSPay je siguran sustav za online pla\u0107anje, pla\u0107anje u realnom vremenu, kreditnim i debitnim karticama te drugim na\u010dinima pla\u0107anja. WSPay kupcu i prodavatelju osigurava siguran upis i prijenos upisanih podataka o karticama.<\/p>\n","protected":false},"excerpt":{"rendered":"<p>Pla\u0107anjem putem uplate na transakcijski ra\u010dun\/internetskim bankarstvom, prilikom zavr\u0161etka procesa narud\u017ebe na ekranu se pojavljuju upute za pla\u0107anje, ali i u obrascu narud\u017ebe koji kupac dobiva na adresu svoju e-po\u0161te odmah nakon izvr\u0161ene narud\u017ebe. Kod odabira ovakvog na\u010dina pla\u0107anja nema dodatnih tro\u0161kova. Pla\u0107anje putem transakcijskog ra\u010duna mo\u017eete izvr\u0161iti na:PRIVREDNA BANKA ZAGREB d.d., HR8023400091100163962 | SWIFT: [&hellip;]<\/p>\n","protected":false},"author":6,"featured_media":0,"parent":0,"menu_order":0,"comment_status":"closed","ping_status":"closed","template":"template-fullwidth.php","meta":[],"_links":{"self":[{"href":"https:\/\/www.pravos.unios.hr\/webshop\/wp-json\/wp\/v2\/pages\/517"}],"collection":[{"href":"https:\/\/www.pravos.unios.hr\/webshop\/wp-json\/wp\/v2\/pages"}],"about":[{"href":"https:\/\/www.pravos.unios.hr\/webshop\/wp-json\/wp\/v2\/types\/page"}],"author":[{"embeddable":true,"href":"https:\/\/www.pravos.unios.hr\/webshop\/wp-json\/wp\/v2\/users\/6"}],"replies":[{"embeddable":true,"href":"https:\/\/www.pravos.unios.hr\/webshop\/wp-json\/wp\/v2\/comments?post=517"}],"version-history":[{"count":1,"href":"https:\/\/www.pravos.unios.hr\/webshop\/wp-json\/wp\/v2\/pages\/517\/revisions"}],"predecessor-version":[{"id":518,"href":"https:\/\/www.pravos.unios.hr\/webshop\/wp-json\/wp\/v2\/pages\/517\/revisions\/518"}],"wp:attachment":[{"href":"https:\/\/www.pravos.unios.hr\/webshop\/wp-json\/wp\/v2\/media?parent=517"}],"curies":[{"name":"wp","href":"https:\/\/api.w.org\/{rel}","templated":true}]}}