{"id":1060,"date":"2021-11-24T13:03:15","date_gmt":"2021-11-24T13:03:15","guid":{"rendered":"https:\/\/www.pravos.unios.hr\/webshop\/?post_type=product&#038;p=1060"},"modified":"2024-03-07T08:30:23","modified_gmt":"2024-03-07T08:30:23","slug":"njemacki-jezik-u-skolstvu-i-javnom-zivotu-grada-osijeka-kroz-povijest","status":"publish","type":"product","link":"https:\/\/www.pravos.unios.hr\/webshop\/product\/njemacki-jezik-u-skolstvu-i-javnom-zivotu-grada-osijeka-kroz-povijest\/","title":{"rendered":"Njema\u010dki jezik u \u0161kolstvu i javnom \u017eivotu grada Osijeka kroz povijest"},"content":{"rendered":"","protected":false},"excerpt":{"rendered":"<p><strong>Autor: <\/strong>Kordi\u0107, Ljubica<br \/>\n<strong>Naslov:<\/strong> Njema\u010dki jezik u \u0161kolstvu i javnom \u017eivotu grada Osijeka kroz povijest<br \/>\n<strong>Impresum:\u00a0<\/strong>Osijek : Pravni fakultet, 2021.<br \/>\n<strong>ISBN: <\/strong>978-953-8109-42-3<\/p>\n","protected":false},"featured_media":1061,"template":"","meta":[],"product_cat":[37],"product_tag":[],"_links":{"self":[{"href":"https:\/\/www.pravos.unios.hr\/webshop\/wp-json\/wp\/v2\/product\/1060"}],"collection":[{"href":"https:\/\/www.pravos.unios.hr\/webshop\/wp-json\/wp\/v2\/product"}],"about":[{"href":"https:\/\/www.pravos.unios.hr\/webshop\/wp-json\/wp\/v2\/types\/product"}],"wp:featuredmedia":[{"embeddable":true,"href":"https:\/\/www.pravos.unios.hr\/webshop\/wp-json\/wp\/v2\/media\/1061"}],"wp:attachment":[{"href":"https:\/\/www.pravos.unios.hr\/webshop\/wp-json\/wp\/v2\/media?parent=1060"}],"wp:term":[{"taxonomy":"product_cat","embeddable":true,"href":"https:\/\/www.pravos.unios.hr\/webshop\/wp-json\/wp\/v2\/product_cat?post=1060"},{"taxonomy":"product_tag","embeddable":true,"href":"https:\/\/www.pravos.unios.hr\/webshop\/wp-json\/wp\/v2\/product_tag?post=1060"}],"curies":[{"name":"wp","href":"https:\/\/api.w.org\/{rel}","templated":true}]}}