{"id":1479,"date":"2022-11-08T08:19:10","date_gmt":"2022-11-08T08:19:10","guid":{"rendered":"https:\/\/www.pravos.unios.hr\/webshop\/?post_type=product&#038;p=1479"},"modified":"2024-03-07T09:13:12","modified_gmt":"2024-03-07T09:13:12","slug":"novo-zemljisnoknjizno-uredenje","status":"publish","type":"product","link":"https:\/\/www.pravos.unios.hr\/webshop\/product\/novo-zemljisnoknjizno-uredenje\/","title":{"rendered":"Novo zemlji\u0161noknji\u017eno ure\u0111enje"},"content":{"rendered":"","protected":false},"excerpt":{"rendered":"<p><strong>Autor: <\/strong>Pichler, Davorin<br \/>\n<strong>Naslov:<\/strong> Novo zemlji\u0161noknji\u017eno ure\u0111enje<br \/>\n<strong>Impresum:\u00a0<\/strong>Osijek : Pravni fakultet, 2022.<br \/>\n<strong>ISBN: <\/strong>978-953-8109-44-7<\/p>\n","protected":false},"featured_media":1480,"template":"","meta":[],"product_cat":[37],"product_tag":[],"_links":{"self":[{"href":"https:\/\/www.pravos.unios.hr\/webshop\/wp-json\/wp\/v2\/product\/1479"}],"collection":[{"href":"https:\/\/www.pravos.unios.hr\/webshop\/wp-json\/wp\/v2\/product"}],"about":[{"href":"https:\/\/www.pravos.unios.hr\/webshop\/wp-json\/wp\/v2\/types\/product"}],"wp:featuredmedia":[{"embeddable":true,"href":"https:\/\/www.pravos.unios.hr\/webshop\/wp-json\/wp\/v2\/media\/1480"}],"wp:attachment":[{"href":"https:\/\/www.pravos.unios.hr\/webshop\/wp-json\/wp\/v2\/media?parent=1479"}],"wp:term":[{"taxonomy":"product_cat","embeddable":true,"href":"https:\/\/www.pravos.unios.hr\/webshop\/wp-json\/wp\/v2\/product_cat?post=1479"},{"taxonomy":"product_tag","embeddable":true,"href":"https:\/\/www.pravos.unios.hr\/webshop\/wp-json\/wp\/v2\/product_tag?post=1479"}],"curies":[{"name":"wp","href":"https:\/\/api.w.org\/{rel}","templated":true}]}}