{"id":1555,"date":"2023-02-01T10:34:58","date_gmt":"2023-02-01T10:34:58","guid":{"rendered":"https:\/\/www.pravos.unios.hr\/webshop\/?post_type=product&#038;p=1555"},"modified":"2023-02-01T10:34:58","modified_gmt":"2023-02-01T10:34:58","slug":"ugledni-nijemci-austrijanci-i-zidovi-u-javnom-zivotu-osijeka-tijekom-povijesti","status":"publish","type":"product","link":"https:\/\/www.pravos.unios.hr\/webshop\/product\/ugledni-nijemci-austrijanci-i-zidovi-u-javnom-zivotu-osijeka-tijekom-povijesti\/","title":{"rendered":"Ugledni Nijemci, Austrijanci i \u017didovi u javnom \u017eivotu Osijeka tijekom povijesti"},"content":{"rendered":"","protected":false},"excerpt":{"rendered":"<p><strong>Autor: <\/strong>Ljubica Kordi\u0107, Dubravka Papa, \u017deljko Ri\u0161ner\u00a0(urednici)<br \/>\n<strong>Naslov:<\/strong> Ugledni Nijemci, Austrijanci i \u017didovi u javnom \u017eivotu Osijeka tijekom povijesti : zbornik radova sa znanstveno-stru\u010dnoga skupa u sklopu projekta IP-PRAVOS-20, Osijek, 3. lipnja 2022.<br \/>\n<strong>Impresum:\u00a0<\/strong>Osijek : Pravni fakultet, 2022.<br \/>\n<strong>ISBN: <\/strong>978-953-8109-52-2<\/p>\n","protected":false},"featured_media":1556,"template":"","meta":[],"product_cat":[37],"product_tag":[],"_links":{"self":[{"href":"https:\/\/www.pravos.unios.hr\/webshop\/wp-json\/wp\/v2\/product\/1555"}],"collection":[{"href":"https:\/\/www.pravos.unios.hr\/webshop\/wp-json\/wp\/v2\/product"}],"about":[{"href":"https:\/\/www.pravos.unios.hr\/webshop\/wp-json\/wp\/v2\/types\/product"}],"wp:featuredmedia":[{"embeddable":true,"href":"https:\/\/www.pravos.unios.hr\/webshop\/wp-json\/wp\/v2\/media\/1556"}],"wp:attachment":[{"href":"https:\/\/www.pravos.unios.hr\/webshop\/wp-json\/wp\/v2\/media?parent=1555"}],"wp:term":[{"taxonomy":"product_cat","embeddable":true,"href":"https:\/\/www.pravos.unios.hr\/webshop\/wp-json\/wp\/v2\/product_cat?post=1555"},{"taxonomy":"product_tag","embeddable":true,"href":"https:\/\/www.pravos.unios.hr\/webshop\/wp-json\/wp\/v2\/product_tag?post=1555"}],"curies":[{"name":"wp","href":"https:\/\/api.w.org\/{rel}","templated":true}]}}