{"id":1738,"date":"2024-09-18T11:22:08","date_gmt":"2024-09-18T11:22:08","guid":{"rendered":"https:\/\/www.pravos.unios.hr\/webshop\/?post_type=product&#038;p=1738"},"modified":"2024-09-18T11:22:08","modified_gmt":"2024-09-18T11:22:08","slug":"latinska-pravna-terminologija","status":"publish","type":"product","link":"https:\/\/www.pravos.unios.hr\/webshop\/product\/latinska-pravna-terminologija\/","title":{"rendered":"Latinska pravna terminologija"},"content":{"rendered":"","protected":false},"excerpt":{"rendered":"<p><strong>Autori: <\/strong>Marko Suka\u010di\u0107, Nikol \u017diha<br \/>\n<strong>Naslov:<\/strong> Latinska pravna terminologija<br \/>\n<strong>Impresum:\u00a0<\/strong>Osijek : Pravni fakultet, 2024<br \/>\n<strong>ISBN: <\/strong>978-953-8109-58-4<\/p>\n","protected":false},"featured_media":1739,"template":"","meta":[],"product_cat":[37],"product_tag":[],"_links":{"self":[{"href":"https:\/\/www.pravos.unios.hr\/webshop\/wp-json\/wp\/v2\/product\/1738"}],"collection":[{"href":"https:\/\/www.pravos.unios.hr\/webshop\/wp-json\/wp\/v2\/product"}],"about":[{"href":"https:\/\/www.pravos.unios.hr\/webshop\/wp-json\/wp\/v2\/types\/product"}],"wp:featuredmedia":[{"embeddable":true,"href":"https:\/\/www.pravos.unios.hr\/webshop\/wp-json\/wp\/v2\/media\/1739"}],"wp:attachment":[{"href":"https:\/\/www.pravos.unios.hr\/webshop\/wp-json\/wp\/v2\/media?parent=1738"}],"wp:term":[{"taxonomy":"product_cat","embeddable":true,"href":"https:\/\/www.pravos.unios.hr\/webshop\/wp-json\/wp\/v2\/product_cat?post=1738"},{"taxonomy":"product_tag","embeddable":true,"href":"https:\/\/www.pravos.unios.hr\/webshop\/wp-json\/wp\/v2\/product_tag?post=1738"}],"curies":[{"name":"wp","href":"https:\/\/api.w.org\/{rel}","templated":true}]}}