{"id":602,"date":"2020-10-07T09:54:51","date_gmt":"2020-10-07T09:54:51","guid":{"rendered":"https:\/\/www.pravos.unios.hr\/webshop\/?post_type=product&#038;p=602"},"modified":"2024-03-07T08:38:21","modified_gmt":"2024-03-07T08:38:21","slug":"kazneno-procesno-pravo-izabrana-poglavlja","status":"publish","type":"product","link":"https:\/\/www.pravos.unios.hr\/webshop\/product\/kazneno-procesno-pravo-izabrana-poglavlja\/","title":{"rendered":"Kazneno procesno pravo: izabrana poglavlja"},"content":{"rendered":"","protected":false},"excerpt":{"rendered":"<p><strong>Autor:\u00a0<\/strong><a href=\"http:\/\/161.53.208.108\/cgi-bin\/unilib.cgi?form=010000000199990&amp;id=0920317059\">Vladimir Ljubanovi\u0107<\/a>,\u00a0<a href=\"http:\/\/161.53.208.108\/cgi-bin\/unilib.cgi?form=010000000199990&amp;id=0350129001\">Ante Novokmet<\/a>,\u00a0<a href=\"http:\/\/161.53.208.108\/cgi-bin\/unilib.cgi?form=010000000199990&amp;id=0230702017\">Zvonimir Tomi\u010di\u0107<\/a><br \/>\n<strong>Naslov: <\/strong>Kazneno procesno pravo : izabrana poglavlja \/ Vladimir Ljubanovi\u0107, Ante Novokmet, Zvonimir Tomi\u010di\u0107<br \/>\n<strong>Impresum:\u00a0<\/strong>Osijek : Pravni fakultet, 2020.<br \/>\n<strong>ISBN:\u00a0<\/strong>978-953-8109-31-7<\/p>\n","protected":false},"featured_media":603,"template":"","meta":[],"product_cat":[37],"product_tag":[],"_links":{"self":[{"href":"https:\/\/www.pravos.unios.hr\/webshop\/wp-json\/wp\/v2\/product\/602"}],"collection":[{"href":"https:\/\/www.pravos.unios.hr\/webshop\/wp-json\/wp\/v2\/product"}],"about":[{"href":"https:\/\/www.pravos.unios.hr\/webshop\/wp-json\/wp\/v2\/types\/product"}],"wp:featuredmedia":[{"embeddable":true,"href":"https:\/\/www.pravos.unios.hr\/webshop\/wp-json\/wp\/v2\/media\/603"}],"wp:attachment":[{"href":"https:\/\/www.pravos.unios.hr\/webshop\/wp-json\/wp\/v2\/media?parent=602"}],"wp:term":[{"taxonomy":"product_cat","embeddable":true,"href":"https:\/\/www.pravos.unios.hr\/webshop\/wp-json\/wp\/v2\/product_cat?post=602"},{"taxonomy":"product_tag","embeddable":true,"href":"https:\/\/www.pravos.unios.hr\/webshop\/wp-json\/wp\/v2\/product_tag?post=602"}],"curies":[{"name":"wp","href":"https:\/\/api.w.org\/{rel}","templated":true}]}}