{"id":647,"date":"2020-10-08T07:34:27","date_gmt":"2020-10-08T07:34:27","guid":{"rendered":"https:\/\/www.pravos.unios.hr\/webshop\/?post_type=product&#038;p=647"},"modified":"2024-03-07T08:14:36","modified_gmt":"2024-03-07T08:14:36","slug":"contemporary-legal-and-economic-issues-iv","status":"publish","type":"product","link":"https:\/\/www.pravos.unios.hr\/webshop\/product\/contemporary-legal-and-economic-issues-iv\/","title":{"rendered":"Contemporary legal and economic issues IV"},"content":{"rendered":"","protected":false},"excerpt":{"rendered":"<p><strong>Autor<\/strong>:\u00a0<a href=\"http:\/\/161.53.208.108\/cgi-bin\/unilib.cgi?form=010000000199990&amp;id=0980302064\">Barkovi\u0107, Ivana<\/a>\u00a0;\u00a0<a href=\"http:\/\/161.53.208.108\/cgi-bin\/unilib.cgi?form=010000000199990&amp;id=0970611011\">Luli\u0107, Mira<\/a>\u00a0(urednici)<br \/>\n<strong>Naslov<\/strong>: Contemporary legal and economic issues IV \/ editors Ivana Barkovi\u0107 Bojani\u0107 and Mira Luli\u0107<br \/>\n<strong>Impresum<\/strong>: Osijek : Faculty of Law, 2013.<br \/>\n<strong>ISBN<\/strong>: 978-953-6072-72-9<\/p>\n","protected":false},"featured_media":648,"template":"","meta":[],"product_cat":[37],"product_tag":[],"_links":{"self":[{"href":"https:\/\/www.pravos.unios.hr\/webshop\/wp-json\/wp\/v2\/product\/647"}],"collection":[{"href":"https:\/\/www.pravos.unios.hr\/webshop\/wp-json\/wp\/v2\/product"}],"about":[{"href":"https:\/\/www.pravos.unios.hr\/webshop\/wp-json\/wp\/v2\/types\/product"}],"wp:featuredmedia":[{"embeddable":true,"href":"https:\/\/www.pravos.unios.hr\/webshop\/wp-json\/wp\/v2\/media\/648"}],"wp:attachment":[{"href":"https:\/\/www.pravos.unios.hr\/webshop\/wp-json\/wp\/v2\/media?parent=647"}],"wp:term":[{"taxonomy":"product_cat","embeddable":true,"href":"https:\/\/www.pravos.unios.hr\/webshop\/wp-json\/wp\/v2\/product_cat?post=647"},{"taxonomy":"product_tag","embeddable":true,"href":"https:\/\/www.pravos.unios.hr\/webshop\/wp-json\/wp\/v2\/product_tag?post=647"}],"curies":[{"name":"wp","href":"https:\/\/api.w.org\/{rel}","templated":true}]}}