{"id":655,"date":"2020-10-08T07:49:36","date_gmt":"2020-10-08T07:49:36","guid":{"rendered":"https:\/\/www.pravos.unios.hr\/webshop\/?post_type=product&#038;p=655"},"modified":"2024-03-07T08:20:53","modified_gmt":"2024-03-07T08:20:53","slug":"pravne-i-povijesne-odrednice-granica-srednje-i-jugoistocne-europe","status":"publish","type":"product","link":"https:\/\/www.pravos.unios.hr\/webshop\/product\/pravne-i-povijesne-odrednice-granica-srednje-i-jugoistocne-europe\/","title":{"rendered":"Pravne i povijesne odrednice granica srednje&#8230;"},"content":{"rendered":"","protected":false},"excerpt":{"rendered":"<p><strong>Autor:<\/strong>\u00a0<a href=\"http:\/\/161.53.208.108\/cgi-bin\/unilib.cgi?form=010000000199990&amp;id=0910507187\">Garda\u0161, Miro<\/a>\u00a0;\u00a0<a href=\"http:\/\/161.53.208.108\/cgi-bin\/unilib.cgi?form=010000000199990&amp;id=0910508265\">Vrbo\u0161i\u0107, Josip<\/a>\u00a0; Balta, Ivan (urednici)<br \/>\n<strong>Naslov:<\/strong>\u00a0Pravne i povijesne odrednice granica srednje i jugoisto\u010dne Europe : zbornik radova s Me\u0111unarodnog znanstvenog skupa, Osijek, 21.-22. listopada 2010. \/ [urednici Miro Garda\u0161, Josip Vrbo\u0161i\u0107, Ivan Balta]<br \/>\n<strong>Impresum:<\/strong>\u00a0Osijek : Pravni fakultet : Filozofski fakultet, 2011.<br \/>\n<strong>ISBN:\u00a0<\/strong>978-953-6072-54-5<\/p>\n","protected":false},"featured_media":656,"template":"","meta":[],"product_cat":[37],"product_tag":[],"_links":{"self":[{"href":"https:\/\/www.pravos.unios.hr\/webshop\/wp-json\/wp\/v2\/product\/655"}],"collection":[{"href":"https:\/\/www.pravos.unios.hr\/webshop\/wp-json\/wp\/v2\/product"}],"about":[{"href":"https:\/\/www.pravos.unios.hr\/webshop\/wp-json\/wp\/v2\/types\/product"}],"wp:featuredmedia":[{"embeddable":true,"href":"https:\/\/www.pravos.unios.hr\/webshop\/wp-json\/wp\/v2\/media\/656"}],"wp:attachment":[{"href":"https:\/\/www.pravos.unios.hr\/webshop\/wp-json\/wp\/v2\/media?parent=655"}],"wp:term":[{"taxonomy":"product_cat","embeddable":true,"href":"https:\/\/www.pravos.unios.hr\/webshop\/wp-json\/wp\/v2\/product_cat?post=655"},{"taxonomy":"product_tag","embeddable":true,"href":"https:\/\/www.pravos.unios.hr\/webshop\/wp-json\/wp\/v2\/product_tag?post=655"}],"curies":[{"name":"wp","href":"https:\/\/api.w.org\/{rel}","templated":true}]}}