{"id":709,"date":"2020-10-08T09:38:08","date_gmt":"2020-10-08T09:38:08","guid":{"rendered":"https:\/\/www.pravos.unios.hr\/webshop\/?post_type=product&#038;p=709"},"modified":"2024-03-07T08:02:40","modified_gmt":"2024-03-07T08:02:40","slug":"obnova-hrvatskoga-gradanskog-drustva","status":"publish","type":"product","link":"https:\/\/www.pravos.unios.hr\/webshop\/product\/obnova-hrvatskoga-gradanskog-drustva\/","title":{"rendered":"Obnova hrvatskoga gra\u0111anskog dru\u0161tva"},"content":{"rendered":"","protected":false},"excerpt":{"rendered":"<p><strong>Autor:<\/strong>\u00a0<a href=\"http:\/\/161.53.208.108\/cgi-bin\/unilib.cgi?form=010000000199990&amp;id=0910704231\">Babac, Branko<\/a><br \/>\n<strong>Naslov:<\/strong>\u00a0Obnova hrvatskoga gra\u0111anskog dru\u0161tva : politi\u010dka kontrola i dr\u017eavna uprava \/ Branko Babac<br \/>\n<strong>Impresum:<\/strong>\u00a0Osijek: Pravni fakultet, 1994.<br \/>\n<strong>ISBN:\u00a0<\/strong>953-6072-02-5<\/p>\n","protected":false},"featured_media":710,"template":"","meta":[],"product_cat":[37],"product_tag":[],"_links":{"self":[{"href":"https:\/\/www.pravos.unios.hr\/webshop\/wp-json\/wp\/v2\/product\/709"}],"collection":[{"href":"https:\/\/www.pravos.unios.hr\/webshop\/wp-json\/wp\/v2\/product"}],"about":[{"href":"https:\/\/www.pravos.unios.hr\/webshop\/wp-json\/wp\/v2\/types\/product"}],"wp:featuredmedia":[{"embeddable":true,"href":"https:\/\/www.pravos.unios.hr\/webshop\/wp-json\/wp\/v2\/media\/710"}],"wp:attachment":[{"href":"https:\/\/www.pravos.unios.hr\/webshop\/wp-json\/wp\/v2\/media?parent=709"}],"wp:term":[{"taxonomy":"product_cat","embeddable":true,"href":"https:\/\/www.pravos.unios.hr\/webshop\/wp-json\/wp\/v2\/product_cat?post=709"},{"taxonomy":"product_tag","embeddable":true,"href":"https:\/\/www.pravos.unios.hr\/webshop\/wp-json\/wp\/v2\/product_tag?post=709"}],"curies":[{"name":"wp","href":"https:\/\/api.w.org\/{rel}","templated":true}]}}