{"id":897,"date":"2021-06-07T08:37:23","date_gmt":"2021-06-07T08:37:23","guid":{"rendered":"https:\/\/www.pravos.unios.hr\/webshop\/?post_type=product&#038;p=897"},"modified":"2024-03-07T09:41:50","modified_gmt":"2024-03-07T09:41:50","slug":"jezicne-politike-i-jezicno-planiranje-za-visejezicnost-u-europskoj-uniji","status":"publish","type":"product","link":"https:\/\/www.pravos.unios.hr\/webshop\/product\/jezicne-politike-i-jezicno-planiranje-za-visejezicnost-u-europskoj-uniji\/","title":{"rendered":"Jezi\u010dne politike i jezi\u010dno planiranje za vi\u0161ejezi\u010dnost u Europskoj uniji"},"content":{"rendered":"","protected":false},"excerpt":{"rendered":"<p><strong>Autor: <\/strong><a href=\"http:\/\/161.53.208.108\/cgi-bin\/unilib.cgi?form=010000000199990&amp;id=0991208100\">Papa, Dubravka<\/a><strong> ; <\/strong><a href=\"http:\/\/161.53.208.108\/cgi-bin\/unilib.cgi?form=010000000199990&amp;id=0980216150\">Omazi\u0107, Marija<\/a><br \/>\n<strong>Naslov:<\/strong> Jezi\u010dne politike i jezi\u010dno planiranje za vi\u0161ejezi\u010dnost u Europskoj uniji \/ Dubravka Papa i Marija Omazi\u0107<br \/>\n<strong>Impresum:\u00a0<\/strong>Osijek : Pravni fakultet, 2021.<br \/>\n<strong>ISBN:<\/strong>978-953-8109-37-9<\/p>\n","protected":false},"featured_media":898,"template":"","meta":[],"product_cat":[37],"product_tag":[],"_links":{"self":[{"href":"https:\/\/www.pravos.unios.hr\/webshop\/wp-json\/wp\/v2\/product\/897"}],"collection":[{"href":"https:\/\/www.pravos.unios.hr\/webshop\/wp-json\/wp\/v2\/product"}],"about":[{"href":"https:\/\/www.pravos.unios.hr\/webshop\/wp-json\/wp\/v2\/types\/product"}],"wp:featuredmedia":[{"embeddable":true,"href":"https:\/\/www.pravos.unios.hr\/webshop\/wp-json\/wp\/v2\/media\/898"}],"wp:attachment":[{"href":"https:\/\/www.pravos.unios.hr\/webshop\/wp-json\/wp\/v2\/media?parent=897"}],"wp:term":[{"taxonomy":"product_cat","embeddable":true,"href":"https:\/\/www.pravos.unios.hr\/webshop\/wp-json\/wp\/v2\/product_cat?post=897"},{"taxonomy":"product_tag","embeddable":true,"href":"https:\/\/www.pravos.unios.hr\/webshop\/wp-json\/wp\/v2\/product_tag?post=897"}],"curies":[{"name":"wp","href":"https:\/\/api.w.org\/{rel}","templated":true}]}}